{"id":29442,"date":"2026-04-03T14:57:05","date_gmt":"2026-04-03T14:57:05","guid":{"rendered":"https:\/\/zorazo.svetsajtova.com\/?page_id=29442"},"modified":"2026-04-03T15:03:11","modified_gmt":"2026-04-03T15:03:11","slug":"kolor-masterbac","status":"publish","type":"page","link":"https:\/\/zorazo.svetsajtova.com\/en\/masterbac\/kolor-masterbac\/","title":{"rendered":"Kolor masterba\u010d"},"content":{"rendered":"<div data-elementor-type=\"wp-page\" data-elementor-id=\"29442\" class=\"elementor elementor-29442\" data-elementor-post-type=\"page\">\n\t\t\t\t<div class=\"wd-negative-gap elementor-element elementor-element-90b088c wd-section-stretch e-flex e-con-boxed e-con e-parent\" data-id=\"90b088c\" data-element_type=\"container\" data-e-type=\"container\" data-settings=\"{&quot;background_background&quot;:&quot;classic&quot;,&quot;shape_divider_bottom&quot;:&quot;pyramids&quot;,&quot;shape_divider_bottom_negative&quot;:&quot;yes&quot;}\">\n\t\t\t\t\t<div class=\"e-con-inner\">\n\t\t\t\t<div class=\"elementor-shape elementor-shape-bottom\" aria-hidden=\"true\" data-negative=\"true\">\n\t\t\t<svg xmlns=\"http:\/\/www.w3.org\/2000\/svg\" viewbox=\"0 0 1000 100\" preserveaspectratio=\"none\">\n\t<path class=\"elementor-shape-fill\" d=\"M761.9,40.6L643.1,24L333.9,93.8L0.1,1H0v99h1000V1\"\/>\n<\/svg>\t\t<\/div>\n\t\t<div class=\"elementor-element elementor-element-39a3da0 e-con-full e-flex e-con e-child\" data-id=\"39a3da0\" data-element_type=\"container\" data-e-type=\"container\">\n\t\t\t\t<div class=\"elementor-element elementor-element-e11af67 elementor-widget elementor-widget-heading\" data-id=\"e11af67\" data-element_type=\"widget\" data-e-type=\"widget\" data-widget_type=\"heading.default\">\n\t\t\t\t<div class=\"elementor-widget-container\">\n\t\t\t\t\t<h1 class=\"elementor-heading-title elementor-size-default\">Istra\u017eite na\u0161 svet materijala<\/h1>\t\t\t\t<\/div>\n\t\t\t\t<\/div>\n\t\t\t\t<div class=\"elementor-element elementor-element-32112a3 elementor-widget elementor-widget-heading\" data-id=\"32112a3\" data-element_type=\"widget\" data-e-type=\"widget\" data-widget_type=\"heading.default\">\n\t\t\t\t<div class=\"elementor-widget-container\">\n\t\t\t\t\t<div class=\"elementor-heading-title elementor-size-default\">Materijali koji prave razliku. Boje koje ostavljaju utisak. Pouzdani materijali za zahtevne primene.<\/div>\t\t\t\t<\/div>\n\t\t\t\t<\/div>\n\t\t\t\t<div class=\"elementor-element elementor-element-c3e6754 color-scheme-inherit text-left elementor-widget elementor-widget-text-editor\" data-id=\"c3e6754\" data-element_type=\"widget\" data-e-type=\"widget\" data-widget_type=\"text-editor.default\">\n\t\t\t\t<div class=\"elementor-widget-container\">\n\t\t\t\t\t\t\t\t\t<p>Na\u0161 portfolio obuhvata kompletan spektar \u2013 od pa\u017eljivo razvijenih koloranata do visokoperformansnih aditiva, biorazgradivih kompaunda i jednokomponentnih pigmentnih koncentrata. Na\u0161i proizvodi su razvijeni da obezbede vrhunski kvalitet, konzistentnost i pouzdane performanse krajnjeg proizvoda.<\/p>\t\t\t\t\t\t\t\t<\/div>\n\t\t\t\t<\/div>\n\t\t\t\t<div class=\"elementor-element elementor-element-089a4f4 elementor-widget elementor-widget-button\" data-id=\"089a4f4\" data-element_type=\"widget\" data-e-type=\"widget\" data-widget_type=\"button.default\">\n\t\t\t\t<div class=\"elementor-widget-container\">\n\t\t\t\t\t\t\t\t\t<div class=\"elementor-button-wrapper\">\n\t\t\t\t\t<a class=\"elementor-button elementor-button-link elementor-size-sm\" href=\"#\">\n\t\t\t\t\t\t<span class=\"elementor-button-content-wrapper\">\n\t\t\t\t\t\t\t\t\t<span class=\"elementor-button-text\">Po\u0161aljite upit<\/span>\n\t\t\t\t\t<\/span>\n\t\t\t\t\t<\/a>\n\t\t\t\t<\/div>\n\t\t\t\t\t\t\t\t<\/div>\n\t\t\t\t<\/div>\n\t\t\t\t<\/div>\n\t\t\t\t\t<\/div>\n\t\t\t\t<\/div>\n\t\t<div class=\"wd-negative-gap elementor-element elementor-element-a174a92 wd-section-stretch e-flex e-con-boxed e-con e-parent\" data-id=\"a174a92\" data-element_type=\"container\" data-e-type=\"container\" data-settings=\"{&quot;background_background&quot;:&quot;classic&quot;,&quot;shape_divider_bottom&quot;:&quot;pyramids&quot;}\">\n\t\t\t\t\t<div class=\"e-con-inner\">\n\t\t\t\t<div class=\"elementor-shape elementor-shape-bottom\" aria-hidden=\"true\" data-negative=\"false\">\n\t\t\t<svg xmlns=\"http:\/\/www.w3.org\/2000\/svg\" viewbox=\"0 0 1000 100\" preserveaspectratio=\"none\">\n\t<path class=\"elementor-shape-fill\" d=\"M761.9,44.1L643.1,27.2L333.8,98L0,3.8V0l1000,0v3.9\"\/>\n<\/svg>\t\t<\/div>\n\t\t<div class=\"elementor-element elementor-element-f89f68e e-con-full e-flex e-con e-child\" data-id=\"f89f68e\" data-element_type=\"container\" data-e-type=\"container\">\n\t\t\t\t<div class=\"elementor-element elementor-element-77c007d elementor-widget elementor-widget-image\" data-id=\"77c007d\" data-element_type=\"widget\" data-e-type=\"widget\" data-widget_type=\"image.default\">\n\t\t\t\t<div class=\"elementor-widget-container\">\n\t\t\t\t\t\t\t\t\t\t\t\t\t\t\t<img loading=\"lazy\" decoding=\"async\" width=\"1300\" height=\"476\" src=\"https:\/\/zorazo.svetsajtova.com\/wp-content\/uploads\/2026\/03\/Screenshot-2026-03-20-at-17.46.45-1300x476.png\" class=\"attachment-large size-large wp-image-29278\" alt=\"\" srcset=\"https:\/\/zorazo.svetsajtova.com\/wp-content\/uploads\/2026\/03\/Screenshot-2026-03-20-at-17.46.45-1300x476.png 1300w, https:\/\/zorazo.svetsajtova.com\/wp-content\/uploads\/2026\/03\/Screenshot-2026-03-20-at-17.46.45-400x147.png 400w, https:\/\/zorazo.svetsajtova.com\/wp-content\/uploads\/2026\/03\/Screenshot-2026-03-20-at-17.46.45-768x281.png 768w, https:\/\/zorazo.svetsajtova.com\/wp-content\/uploads\/2026\/03\/Screenshot-2026-03-20-at-17.46.45-1536x563.png 1536w, https:\/\/zorazo.svetsajtova.com\/wp-content\/uploads\/2026\/03\/Screenshot-2026-03-20-at-17.46.45-430x158.png 430w, https:\/\/zorazo.svetsajtova.com\/wp-content\/uploads\/2026\/03\/Screenshot-2026-03-20-at-17.46.45-700x257.png 700w, https:\/\/zorazo.svetsajtova.com\/wp-content\/uploads\/2026\/03\/Screenshot-2026-03-20-at-17.46.45-150x55.png 150w, https:\/\/zorazo.svetsajtova.com\/wp-content\/uploads\/2026\/03\/Screenshot-2026-03-20-at-17.46.45.png 1790w\" sizes=\"auto, (max-width: 1300px) 100vw, 1300px\" \/>\t\t\t\t\t\t\t\t\t\t\t\t\t\t\t<\/div>\n\t\t\t\t<\/div>\n\t\t\t\t<\/div>\n\t\t<div class=\"elementor-element elementor-element-fd8392c e-con-full e-flex e-con e-child\" data-id=\"fd8392c\" data-element_type=\"container\" data-e-type=\"container\">\n\t\t\t\t<div class=\"elementor-element elementor-element-fa1e0af color-scheme-inherit text-left elementor-widget elementor-widget-text-editor\" data-id=\"fa1e0af\" data-element_type=\"widget\" data-e-type=\"widget\" data-widget_type=\"text-editor.default\">\n\t\t\t\t<div class=\"elementor-widget-container\">\n\t\t\t\t\t\t\t\t\t<p>Kolor masterbat\u010di klju\u010dni su za kreiranje atraktivnih i prepoznatljivih proizvoda uskla\u0111enih sa vizuelnim identiteom brenda u brojnim industrijama \u2013 od ambala\u017ee i robe \u0161iroke potro\u0161nje do automobilske i elektronske industrije.<\/p><p>Kolor masterba\u010di PLASTIKA KRITIS razvijeni su za ujedna\u010denu kolorizaciju i pouzdane performanse za \u0161irok spektar polimera i procesa.<\/p>\t\t\t\t\t\t\t\t<\/div>\n\t\t\t\t<\/div>\n\t\t\t\t<\/div>\n\t\t\t\t\t<\/div>\n\t\t\t\t<\/div>\n\t\t<div class=\"wd-negative-gap elementor-element elementor-element-abdb686 wd-section-stretch e-flex e-con-boxed e-con e-parent\" data-id=\"abdb686\" data-element_type=\"container\" data-e-type=\"container\">\n\t\t\t\t\t<div class=\"e-con-inner\">\n\t\t<div class=\"elementor-element elementor-element-dcc8bcc e-con-full e-flex e-con e-child\" data-id=\"dcc8bcc\" data-element_type=\"container\" data-e-type=\"container\">\n\t\t\t\t<div class=\"elementor-element elementor-element-aee3ca0 elementor-widget elementor-widget-heading\" data-id=\"aee3ca0\" data-element_type=\"widget\" data-e-type=\"widget\" data-widget_type=\"heading.default\">\n\t\t\t\t<div class=\"elementor-widget-container\">\n\t\t\t\t\t<div class=\"elementor-heading-title elementor-size-default\">Termi\u010dka i svetlosna atmosferska stabilnost<\/div>\t\t\t\t<\/div>\n\t\t\t\t<\/div>\n\t\t\t\t<div class=\"elementor-element elementor-element-f1b9671 color-scheme-inherit text-left elementor-widget elementor-widget-text-editor\" data-id=\"f1b9671\" data-element_type=\"widget\" data-e-type=\"widget\" data-widget_type=\"text-editor.default\">\n\t\t\t\t<div class=\"elementor-widget-container\">\n\t\t\t\t\t\t\t\t\t<p>Formulacije zadr\u017eavaju integritet boje pri visokim temperaturama obrade, kao i pri dugotrajnom izlaganju svetlosti i spoljnim uticajima<\/p>\t\t\t\t\t\t\t\t<\/div>\n\t\t\t\t<\/div>\n\t\t\t\t<div class=\"elementor-element elementor-element-d87373d elementor-widget elementor-widget-heading\" data-id=\"d87373d\" data-element_type=\"widget\" data-e-type=\"widget\" data-widget_type=\"heading.default\">\n\t\t\t\t<div class=\"elementor-widget-container\">\n\t\t\t\t\t<div class=\"elementor-heading-title elementor-size-default\">\u0160iroka kompatibilnost <\/div>\t\t\t\t<\/div>\n\t\t\t\t<\/div>\n\t\t\t\t<div class=\"elementor-element elementor-element-1ee88c5 color-scheme-inherit text-left elementor-widget elementor-widget-text-editor\" data-id=\"1ee88c5\" data-element_type=\"widget\" data-e-type=\"widget\" data-widget_type=\"text-editor.default\">\n\t\t\t\t<div class=\"elementor-widget-container\">\n\t\t\t\t\t\t\t\t\t<p>Pogodno za primenu sa PE, PP, PS, ABS, PET, PA,PC, PVC i drugim termoplastima<\/p>\t\t\t\t\t\t\t\t<\/div>\n\t\t\t\t<\/div>\n\t\t\t\t<div class=\"elementor-element elementor-element-a6f294b elementor-widget elementor-widget-heading\" data-id=\"a6f294b\" data-element_type=\"widget\" data-e-type=\"widget\" data-widget_type=\"heading.default\">\n\t\t\t\t<div class=\"elementor-widget-container\">\n\t\t\t\t\t<div class=\"elementor-heading-title elementor-size-default\">Specijalni efekti<\/div>\t\t\t\t<\/div>\n\t\t\t\t<\/div>\n\t\t\t\t<div class=\"elementor-element elementor-element-3b340b1 color-scheme-inherit text-left elementor-widget elementor-widget-text-editor\" data-id=\"3b340b1\" data-element_type=\"widget\" data-e-type=\"widget\" data-widget_type=\"text-editor.default\">\n\t\t\t\t<div class=\"elementor-widget-container\">\n\t\t\t\t\t\t\t\t\t<p>Dostupne su varijante sa specijalnim efektima-metalik, perlasti, fluorescentni, transparentni, mirisni<\/p>\t\t\t\t\t\t\t\t<\/div>\n\t\t\t\t<\/div>\n\t\t\t\t<\/div>\n\t\t<div class=\"elementor-element elementor-element-674896b e-con-full e-flex e-con e-child\" data-id=\"674896b\" data-element_type=\"container\" data-e-type=\"container\">\n\t\t\t\t<div class=\"elementor-element elementor-element-4907163 elementor-widget elementor-widget-heading\" data-id=\"4907163\" data-element_type=\"widget\" data-e-type=\"widget\" data-widget_type=\"heading.default\">\n\t\t\t\t<div class=\"elementor-widget-container\">\n\t\t\t\t\t<h2 class=\"elementor-heading-title elementor-size-default\">Za\u0161to odabrati KRITILEN\u00ae masterba\u010d?<\/h2>\t\t\t\t<\/div>\n\t\t\t\t<\/div>\n\t\t\t\t<div class=\"elementor-element elementor-element-4b78a0f elementor-widget elementor-widget-heading\" data-id=\"4b78a0f\" data-element_type=\"widget\" data-e-type=\"widget\" data-widget_type=\"heading.default\">\n\t\t\t\t<div class=\"elementor-widget-container\">\n\t\t\t\t\t<div class=\"elementor-heading-title elementor-size-default\">Napredno uskla\u0111ivanje boja<\/div>\t\t\t\t<\/div>\n\t\t\t\t<\/div>\n\t\t\t\t<div class=\"elementor-element elementor-element-1949b94 color-scheme-inherit text-left elementor-widget elementor-widget-text-editor\" data-id=\"1949b94\" data-element_type=\"widget\" data-e-type=\"widget\" data-widget_type=\"text-editor.default\">\n\t\t\t\t<div class=\"elementor-widget-container\">\n\t\t\t\t\t\t\t\t\t<p>Laboratorijski kontrolisano uskla\u0111ivanje boje uz primenu spektrometrije i digitalnih alata omogu\u0107ava precizno uskla\u0111ivanje i reprodukciju boja prema standardima Pantone i RAL, kao i razvoj custom nijansi sa izuzetnom precizno\u0161\u0107u.<\/p>\t\t\t\t\t\t\t\t<\/div>\n\t\t\t\t<\/div>\n\t\t\t\t<div class=\"elementor-element elementor-element-572cef6 elementor-widget elementor-widget-heading\" data-id=\"572cef6\" data-element_type=\"widget\" data-e-type=\"widget\" data-widget_type=\"heading.default\">\n\t\t\t\t<div class=\"elementor-widget-container\">\n\t\t\t\t\t<div class=\"elementor-heading-title elementor-size-default\">Odli\u010dna disperzija<\/div>\t\t\t\t<\/div>\n\t\t\t\t<\/div>\n\t\t\t\t<div class=\"elementor-element elementor-element-0c78e9e color-scheme-inherit text-left elementor-widget elementor-widget-text-editor\" data-id=\"0c78e9e\" data-element_type=\"widget\" data-e-type=\"widget\" data-widget_type=\"text-editor.default\">\n\t\t\t\t<div class=\"elementor-widget-container\">\n\t\t\t\t\t\t\t\t\t<p>Poma\u017ee vam da postignete savr\u0161enu ujedna\u010denost boje zahvaljuju\u0107i idealnoj disperziji pigmenata u nosa\u010du. Na\u0161e formulacije obezbe\u0111uju vrhunsku zavr\u0161nu obradu\u00a0 i pouzdane performanse \u010dak i kod zahtevnih tankozidnih aplikacija proizvoda i \u00a0proizvodnje sinteti\u010dkih vlakana.<\/p>\t\t\t\t\t\t\t\t<\/div>\n\t\t\t\t<\/div>\n\t\t\t\t<\/div>\n\t\t\t\t\t<\/div>\n\t\t\t\t<\/div>\n\t\t<div class=\"wd-negative-gap elementor-element elementor-element-5cf6c01 wd-section-stretch e-flex e-con-boxed e-con e-parent\" data-id=\"5cf6c01\" data-element_type=\"container\" data-e-type=\"container\" data-settings=\"{&quot;background_background&quot;:&quot;gradient&quot;}\">\n\t\t\t\t\t<div class=\"e-con-inner\">\n\t\t<div class=\"elementor-element elementor-element-c013f63 e-con-full e-flex e-con e-child\" data-id=\"c013f63\" data-element_type=\"container\" data-e-type=\"container\">\n\t\t\t\t<div class=\"elementor-element elementor-element-ec137b2 elementor-widget elementor-widget-heading\" data-id=\"ec137b2\" data-element_type=\"widget\" data-e-type=\"widget\" data-widget_type=\"heading.default\">\n\t\t\t\t<div class=\"elementor-widget-container\">\n\t\t\t\t\t<h2 class=\"elementor-heading-title elementor-size-default\">Tehni\u010dke informacije<\/h2>\t\t\t\t<\/div>\n\t\t\t\t<\/div>\n\t\t\t\t<div class=\"elementor-element elementor-element-bcc9f91 color-scheme-inherit text-left elementor-widget elementor-widget-text-editor\" data-id=\"bcc9f91\" data-element_type=\"widget\" data-e-type=\"widget\" data-widget_type=\"text-editor.default\">\n\t\t\t\t<div class=\"elementor-widget-container\">\n\t\t\t\t\t\t\t\t\t<ol><li><strong>Koncentracija pigmenta <\/strong>&#8211; prilago\u0111ena je potrebama aplikacije, u rasponu od niskih do visokih.<\/li><li><strong> Nosa\u010di &#8211;<\/strong>\u00a0uskla\u0111eni su sa baznim polimerom radi optimalne kompatibilnosti i performansi u preradi.<\/li><li><strong> Oblik <\/strong>&#8211; granule za jednostavno rukovanje i precizno doziranje.<\/li><li><strong> Metode prerade <\/strong>&#8211; kompatibilni za ekstruziju, brizganje, duvanje, cast i blown film procese, termoformiranje, proizvodnju vlakana, kao i rotaciono livenje.<\/li><li><strong> Podr\u0161ka u razvoju boja <\/strong>&#8211; kompletna podr\u0161ka u razvoju boja, uklju\u010duju\u0107i prilago\u0111avanje masterbatch-a u pogledu pokrivnosti, sjaja i teksture.<\/li><\/ol>\t\t\t\t\t\t\t\t<\/div>\n\t\t\t\t<\/div>\n\t\t\t\t<div class=\"elementor-element elementor-element-3fbea99 elementor-widget elementor-widget-button\" data-id=\"3fbea99\" data-element_type=\"widget\" data-e-type=\"widget\" data-widget_type=\"button.default\">\n\t\t\t\t<div class=\"elementor-widget-container\">\n\t\t\t\t\t\t\t\t\t<div class=\"elementor-button-wrapper\">\n\t\t\t\t\t<a class=\"elementor-button elementor-button-link elementor-size-sm\" href=\"#\">\n\t\t\t\t\t\t<span class=\"elementor-button-content-wrapper\">\n\t\t\t\t\t\t\t\t\t<span class=\"elementor-button-text\">Po\u0161aljite upit<\/span>\n\t\t\t\t\t<\/span>\n\t\t\t\t\t<\/a>\n\t\t\t\t<\/div>\n\t\t\t\t\t\t\t\t<\/div>\n\t\t\t\t<\/div>\n\t\t\t\t<\/div>\n\t\t<div class=\"elementor-element elementor-element-82ef0ee e-con-full e-flex e-con e-child\" data-id=\"82ef0ee\" data-element_type=\"container\" data-e-type=\"container\">\n\t\t\t\t<div class=\"elementor-element elementor-element-5fa9e43 elementor-widget elementor-widget-heading\" data-id=\"5fa9e43\" data-element_type=\"widget\" data-e-type=\"widget\" data-widget_type=\"heading.default\">\n\t\t\t\t<div class=\"elementor-widget-container\">\n\t\t\t\t\t<h3 class=\"elementor-heading-title elementor-size-default\">Uskla\u0111enost sa regulativama<\/h3>\t\t\t\t<\/div>\n\t\t\t\t<\/div>\n\t\t\t\t<div class=\"elementor-element elementor-element-9c2ffd6 color-scheme-inherit text-left elementor-widget elementor-widget-text-editor\" data-id=\"9c2ffd6\" data-element_type=\"widget\" data-e-type=\"widget\" data-widget_type=\"text-editor.default\">\n\t\t\t\t<div class=\"elementor-widget-container\">\n\t\t\t\t\t\t\t\t\t<p>KRITILEN\u00ae kolor masterbatch-evi uskla\u0111eni su sa me\u0111unarodnim standardima bezbednost i za\u0161tite \u017eivotne sredine. U zavisnosti od primene, imamo u ponudi:<\/p><ul><li>Formulacije uskla\u0111ene za kontakt sa hranom (EU 10\/2011 sa izmenama, FDA i dr.)<\/li><li>Re\u0161enja za kozmeti\u010dku i farmaceutsku ambala\u017eu<\/li><li>Proizvode uskla\u0111ene sa REACH i RoHS regulativama<\/li><li>Sisteme bez te\u0161kih metala i netoksi\u010dne pigmente<\/li><li>Halogen-free opcije za elektro i elektronsku industriju<\/li><\/ul><p><strong>Obezbe\u0111ujemo kompletnu dokumentaciju kako bi va\u0161i proizvodi ispunili regulatorne zahteve na globalnim tr\u017ei\u0161tima.<\/strong><\/p>\t\t\t\t\t\t\t\t<\/div>\n\t\t\t\t<\/div>\n\t\t\t\t<\/div>\n\t\t\t\t\t<\/div>\n\t\t\t\t<\/div>\n\t\t<div class=\"elementor-element elementor-element-36f92e4 wd-section-stretch e-flex e-con-boxed e-con e-parent\" data-id=\"36f92e4\" data-element_type=\"container\" data-e-type=\"container\">\n\t\t\t\t\t<div class=\"e-con-inner\">\n\t\t<div class=\"wd-negative-gap elementor-element elementor-element-2a7b327 e-flex e-con-boxed e-con e-child\" data-id=\"2a7b327\" data-element_type=\"container\" data-e-type=\"container\">\n\t\t\t\t\t<div class=\"e-con-inner\">\n\t\t\t\t<div class=\"elementor-element elementor-element-5026560 elementor-widget elementor-widget-heading\" data-id=\"5026560\" data-element_type=\"widget\" data-e-type=\"widget\" data-widget_type=\"heading.default\">\n\t\t\t\t<div class=\"elementor-widget-container\">\n\t\t\t\t\t<h2 class=\"elementor-heading-title elementor-size-default\">Oblasti primena Kolor masterba\u010da<\/h2>\t\t\t\t<\/div>\n\t\t\t\t<\/div>\n\t\t\t\t<div class=\"elementor-element elementor-element-3adf876 color-scheme-inherit text-left elementor-widget elementor-widget-text-editor\" data-id=\"3adf876\" data-element_type=\"widget\" data-e-type=\"widget\" data-widget_type=\"text-editor.default\">\n\t\t\t\t<div class=\"elementor-widget-container\">\n\t\t\t\t\t\t\t\t\t<p>Kolor masterbatch ima \u0161iroku primenu u proizvodnji:<\/p><ol><li><strong> Roba \u0161iroke potro\u0161nje<\/strong>-Od igra\u010daka i name\u0161taja do elektronike, proizvoda za li\u010dnu negu, kuhinju i ku\u0107ne potrep\u0161tine \u2013 obezbe\u0111uju dugotrajnu estetiku i pouzdanost.<\/li><li><strong> Ambala\u017ea<\/strong>-Boce, \u010depovi, kontejneri i folije \u2013 konzistentna boja, sna\u017ean vizuelni identitet i pouzdane performance na zahtevnim tr\u017ei\u0161tima.<\/li><li><strong> Elektro i elektronska industrija<\/strong>-Ku\u0107i\u0161ta, komponente i ure\u0111aji \u2013 preciznost, sigurnost i dugotrajnost u zahtevnim proizvodnim aplikacijama.<\/li><li><strong> Tekstil i netkani materijali<\/strong>-Vlakna i tkanine sa intenzivnim bojama, UV stabilno\u0161\u0107u i dobrom preradivo\u0161\u0107u za modne, higijenske i industrijske namene.<\/li><li><strong> Gra\u0111evinarstvo<\/strong>-Cevi, profili, fitinzi i kablovi \u2013 pove\u0107ana \u010dvrsto\u0107a, otpornost na vremenske uslove i dug vek trajanja.<\/li><li><strong> Poljoprivreda<\/strong>-Mal\u010d folije, sistemi za navodnjavanje, saksije i geosintetici \u2013gde je postojanost boje i otpornost na spoljne uticaje od presudnog zna\u010daja.<\/li><li><strong> Raffia aplikacije<\/strong>-D\u017eakovi, mre\u017ee i tkane vre\u0107e \u2013 kombinacija intenzivnih boja, otpornosti na spoljne uslove i efikasnost prerade jedan od najzna\u010dajnijih faktora.<\/li><\/ol>\t\t\t\t\t\t\t\t<\/div>\n\t\t\t\t<\/div>\n\t\t\t\t\t<\/div>\n\t\t\t\t<\/div>\n\t\t\t\t\t<\/div>\n\t\t\t\t<\/div>\n\t\t\t\t<\/div>","protected":false},"excerpt":{"rendered":"<p>Istra\u017eite na\u0161 svet materijala Materijali koji prave razliku. Boje koje ostavljaju utisak. Pouzdani materijali za zahtevne primene. Na\u0161 portfolio obuhvata<\/p>","protected":false},"author":1,"featured_media":0,"parent":29286,"menu_order":0,"comment_status":"closed","ping_status":"closed","template":"","meta":{"footnotes":""},"class_list":["post-29442","page","type-page","status-publish","hentry"],"_links":{"self":[{"href":"https:\/\/zorazo.svetsajtova.com\/en\/wp-json\/wp\/v2\/pages\/29442","targetHints":{"allow":["GET"]}}],"collection":[{"href":"https:\/\/zorazo.svetsajtova.com\/en\/wp-json\/wp\/v2\/pages"}],"about":[{"href":"https:\/\/zorazo.svetsajtova.com\/en\/wp-json\/wp\/v2\/types\/page"}],"author":[{"embeddable":true,"href":"https:\/\/zorazo.svetsajtova.com\/en\/wp-json\/wp\/v2\/users\/1"}],"replies":[{"embeddable":true,"href":"https:\/\/zorazo.svetsajtova.com\/en\/wp-json\/wp\/v2\/comments?post=29442"}],"version-history":[{"count":4,"href":"https:\/\/zorazo.svetsajtova.com\/en\/wp-json\/wp\/v2\/pages\/29442\/revisions"}],"predecessor-version":[{"id":29446,"href":"https:\/\/zorazo.svetsajtova.com\/en\/wp-json\/wp\/v2\/pages\/29442\/revisions\/29446"}],"up":[{"embeddable":true,"href":"https:\/\/zorazo.svetsajtova.com\/en\/wp-json\/wp\/v2\/pages\/29286"}],"wp:attachment":[{"href":"https:\/\/zorazo.svetsajtova.com\/en\/wp-json\/wp\/v2\/media?parent=29442"}],"curies":[{"name":"wp","href":"https:\/\/api.w.org\/{rel}","templated":true}]}}